{"id":2131,"date":"2023-08-04T00:10:24","date_gmt":"2023-08-04T00:10:24","guid":{"rendered":"https:\/\/hidalgotitlan.gob.mx\/?page_id=2131"},"modified":"2023-08-04T00:10:24","modified_gmt":"2023-08-04T00:10:24","slug":"organo-de-control-interno-oci","status":"publish","type":"page","link":"https:\/\/hidalgotitlan.gob.mx\/index.php\/organo-de-control-interno-oci\/","title":{"rendered":"\u00d3rgano de Control Interno OCI"},"content":{"rendered":"\n<div class=\"wp-block-uagb-advanced-heading uagb-block-55f20d6e\"><h2 class=\"uagb-heading-text\">\u00d3rgano de Control Interno OCI<\/h2><\/div>\n\n\n\n<p><\/p>\n\n\n\n<div class=\"wp-block-uagb-container uagb-block-4b88d28a default uagb-is-root-container\">\n<div class=\"wp-block-columns is-layout-flex wp-container-core-columns-is-layout-1 wp-block-columns-is-layout-flex\">\n<div class=\"wp-block-column has-border-color has-black-border-color is-layout-flow wp-block-column-is-layout-flow\">\n<figure class=\"wp-block-image aligncenter size-large is-resized\"><img loading=\"lazy\" decoding=\"async\" src=\"https:\/\/cdn-icons-png.flaticon.com\/512\/8921\/8921139.png\" alt=\"\" width=\"184\" height=\"184\"\/><\/figure>\n\n\n\n<p class=\"has-text-align-center\"><strong>\u00bfQui\u00e9nes Somos?<\/strong><\/p>\n<\/div>\n\n\n\n<div class=\"wp-block-column has-border-color has-black-border-color is-layout-flow wp-block-column-is-layout-flow\">\n<figure class=\"wp-block-image aligncenter size-large is-resized\"><img loading=\"lazy\" decoding=\"async\" src=\"https:\/\/cdn-icons-png.flaticon.com\/512\/5576\/5576437.png\" alt=\"\" width=\"184\" height=\"184\"\/><\/figure>\n\n\n\n<p class=\"has-text-align-center\"><strong>Marco Normativo<\/strong><\/p>\n<\/div>\n\n\n\n<div class=\"wp-block-column has-border-color has-black-border-color is-layout-flow wp-block-column-is-layout-flow\">\n<figure class=\"wp-block-image aligncenter size-large is-resized\"><img loading=\"lazy\" decoding=\"async\" src=\"https:\/\/cdn-icons-png.flaticon.com\/512\/8019\/8019802.png\" alt=\"\" width=\"184\" height=\"184\"\/><\/figure>\n\n\n\n<p class=\"has-text-align-center\"><strong>Programa Anual de Trabajo OCI<\/strong><\/p>\n<\/div>\n<\/div>\n\n\n\n<div class=\"wp-block-columns is-layout-flex wp-container-core-columns-is-layout-2 wp-block-columns-is-layout-flex\">\n<div class=\"wp-block-column has-border-color has-black-border-color is-layout-flow wp-block-column-is-layout-flow\">\n<figure class=\"wp-block-image aligncenter size-large is-resized\"><img loading=\"lazy\" decoding=\"async\" src=\"https:\/\/cdn-icons-png.flaticon.com\/512\/5145\/5145798.png\" alt=\"\" width=\"184\" height=\"184\"\/><\/figure>\n\n\n\n<p class=\"has-text-align-center\"><strong>Auditor\u00edas<\/strong><\/p>\n<\/div>\n\n\n\n<div class=\"wp-block-column has-border-color has-black-border-color is-layout-flow wp-block-column-is-layout-flow\">\n<figure class=\"wp-block-image aligncenter size-large is-resized\"><img loading=\"lazy\" decoding=\"async\" src=\"https:\/\/cdn-icons-png.flaticon.com\/512\/3534\/3534063.png\" alt=\"\" width=\"184\" height=\"184\"\/><\/figure>\n\n\n\n<p class=\"has-text-align-center\"><strong>Informes de Gesti\u00f3n<\/strong><\/p>\n<\/div>\n\n\n\n<div class=\"wp-block-column has-border-color has-black-border-color is-layout-flow wp-block-column-is-layout-flow\">\n<figure class=\"wp-block-image aligncenter size-large is-resized\"><img loading=\"lazy\" decoding=\"async\" src=\"   https:\/\/cdn-icons-png.flaticon.com\/512\/6953\/6953289.png \" alt=\"\" width=\"184\" height=\"184\"\/><\/figure>\n\n\n\n<p class=\"has-text-align-center\"><strong>Participaci\u00f3n de Comit\u00e9s<\/strong><\/p>\n<\/div>\n<\/div>\n\n\n\n<div class=\"wp-block-columns is-layout-flex wp-container-core-columns-is-layout-3 wp-block-columns-is-layout-flex\">\n<div class=\"wp-block-column has-border-color has-black-border-color is-layout-flow wp-block-column-is-layout-flow\">\n<figure class=\"wp-block-image aligncenter size-large is-resized\"><img loading=\"lazy\" decoding=\"async\" src=\"   https:\/\/cdn-icons-png.flaticon.com\/512\/2016\/2016314.png \" alt=\"\" width=\"184\" height=\"184\"\/><\/figure>\n\n\n\n<p class=\"has-text-align-center\"><strong>Quejas, Denuncias y Sugerencias<\/strong><\/p>\n<\/div>\n\n\n\n<div class=\"wp-block-column has-border-color has-black-border-color is-layout-flow wp-block-column-is-layout-flow\">\n<figure class=\"wp-block-image aligncenter size-large is-resized\"><img loading=\"lazy\" decoding=\"async\" src=\"https:\/\/cdn-icons-png.flaticon.com\/512\/1671\/1671608.png\" alt=\"\" width=\"184\" height=\"184\"\/><\/figure>\n\n\n\n<p class=\"has-text-align-center\"><strong>Procedimientos Administrativos<\/strong><\/p>\n<\/div>\n\n\n\n<div class=\"wp-block-column has-border-color has-black-border-color is-layout-flow wp-block-column-is-layout-flow\">\n<figure class=\"wp-block-image aligncenter size-large is-resized\"><img loading=\"lazy\" decoding=\"async\" src=\"https:\/\/cdn-icons-png.flaticon.com\/512\/6341\/6341783.png\" alt=\"\" width=\"184\" height=\"184\"\/><\/figure>\n\n\n\n<p class=\"has-text-align-center\"><strong>Declaraci\u00f3n de Situaci\u00f3n Patrimonial<\/strong><\/p>\n<\/div>\n<\/div>\n\n\n\n<div class=\"wp-block-columns is-layout-flex wp-container-core-columns-is-layout-4 wp-block-columns-is-layout-flex\">\n<div class=\"wp-block-column has-border-color has-black-border-color is-layout-flow wp-block-column-is-layout-flow\">\n<figure class=\"wp-block-image aligncenter size-large is-resized\"><img loading=\"lazy\" decoding=\"async\" src=\"https:\/\/cdn-icons-png.flaticon.com\/512\/2272\/2272246.png\" alt=\"\" width=\"184\" height=\"184\"\/><\/figure>\n\n\n\n<p class=\"has-text-align-center\"><strong>Entrega y Recepci\u00f3n<\/strong><\/p>\n<\/div>\n\n\n\n<div class=\"wp-block-column has-border-color has-black-border-color is-layout-flow wp-block-column-is-layout-flow\">\n<figure class=\"wp-block-image aligncenter size-large is-resized\"><img loading=\"lazy\" decoding=\"async\" src=\"https:\/\/cdn-icons-png.flaticon.com\/512\/3039\/3039434.png\" alt=\"\" width=\"184\" height=\"184\"\/><\/figure>\n\n\n\n<p class=\"has-text-align-center\"><strong>Avisos de Privacidad del OCI<\/strong><\/p>\n<\/div>\n\n\n\n<div class=\"wp-block-column has-border-color has-black-border-color is-layout-flow wp-block-column-is-layout-flow\">\n<figure class=\"wp-block-image aligncenter size-large is-resized\"><img loading=\"lazy\" decoding=\"async\" src=\"   https:\/\/cdn-icons-png.flaticon.com\/512\/4371\/4371115.png \" alt=\"\" width=\"184\" height=\"184\"\/><\/figure>\n\n\n\n<p class=\"has-text-align-center\"><strong>Transparencia<\/strong><\/p>\n<\/div>\n<\/div>\n<\/div>\n","protected":false},"excerpt":{"rendered":"<p>\u00d3rgano de Control Interno OCI \u00bfQui\u00e9nes Somos? Marco Normativo Programa Anual de Trabajo OCI Auditor\u00edas Informes de Gesti\u00f3n Participaci\u00f3n de Comit\u00e9s Quejas, Denuncias y Sugerencias Procedimientos Administrativos Declaraci\u00f3n de Situaci\u00f3n Patrimonial Entrega y Recepci\u00f3n Avisos de Privacidad del OCI Transparencia<\/p>\n","protected":false},"author":1,"featured_media":0,"parent":0,"menu_order":0,"comment_status":"closed","ping_status":"closed","template":"","meta":{"_uag_custom_page_level_css":"","site-sidebar-layout":"default","site-content-layout":"default","ast-global-header-display":"","ast-banner-title-visibility":"","ast-main-header-display":"","ast-hfb-above-header-display":"","ast-hfb-below-header-display":"","ast-hfb-mobile-header-display":"","site-post-title":"disabled","ast-breadcrumbs-content":"","ast-featured-img":"","footer-sml-layout":"","theme-transparent-header-meta":"","adv-header-id-meta":"","stick-header-meta":"","header-above-stick-meta":"","header-main-stick-meta":"","header-below-stick-meta":"","footnotes":""},"class_list":["post-2131","page","type-page","status-publish","hentry"],"uagb_featured_image_src":{"full":false,"thumbnail":false,"medium":false,"medium_large":false,"large":false,"1536x1536":false,"2048x2048":false},"uagb_author_info":{"display_name":"admin","author_link":"https:\/\/hidalgotitlan.gob.mx\/index.php\/author\/admin\/"},"uagb_comment_info":0,"uagb_excerpt":"\u00d3rgano de Control Interno OCI \u00bfQui\u00e9nes Somos? Marco Normativo Programa Anual de Trabajo OCI Auditor\u00edas Informes de Gesti\u00f3n Participaci\u00f3n de Comit\u00e9s Quejas, Denuncias y Sugerencias Procedimientos Administrativos Declaraci\u00f3n de Situaci\u00f3n Patrimonial Entrega y Recepci\u00f3n Avisos de Privacidad del OCI Transparencia","_links":{"self":[{"href":"https:\/\/hidalgotitlan.gob.mx\/index.php\/wp-json\/wp\/v2\/pages\/2131","targetHints":{"allow":["GET"]}}],"collection":[{"href":"https:\/\/hidalgotitlan.gob.mx\/index.php\/wp-json\/wp\/v2\/pages"}],"about":[{"href":"https:\/\/hidalgotitlan.gob.mx\/index.php\/wp-json\/wp\/v2\/types\/page"}],"author":[{"embeddable":true,"href":"https:\/\/hidalgotitlan.gob.mx\/index.php\/wp-json\/wp\/v2\/users\/1"}],"replies":[{"embeddable":true,"href":"https:\/\/hidalgotitlan.gob.mx\/index.php\/wp-json\/wp\/v2\/comments?post=2131"}],"version-history":[{"count":1,"href":"https:\/\/hidalgotitlan.gob.mx\/index.php\/wp-json\/wp\/v2\/pages\/2131\/revisions"}],"predecessor-version":[{"id":2132,"href":"https:\/\/hidalgotitlan.gob.mx\/index.php\/wp-json\/wp\/v2\/pages\/2131\/revisions\/2132"}],"wp:attachment":[{"href":"https:\/\/hidalgotitlan.gob.mx\/index.php\/wp-json\/wp\/v2\/media?parent=2131"}],"curies":[{"name":"wp","href":"https:\/\/api.w.org\/{rel}","templated":true}]}}