{"id":1956,"date":"2023-08-02T23:56:04","date_gmt":"2023-08-02T23:56:04","guid":{"rendered":"https:\/\/hidalgotitlan.gob.mx\/?page_id=1956"},"modified":"2023-08-03T00:43:33","modified_gmt":"2023-08-03T00:43:33","slug":"planeacion-seguimiento-y-evaluacion","status":"publish","type":"page","link":"https:\/\/hidalgotitlan.gob.mx\/index.php\/planeacion-seguimiento-y-evaluacion\/","title":{"rendered":"Planeaci\u00f3n, Seguimiento y Evaluaci\u00f3n"},"content":{"rendered":"\n<div class=\"wp-block-uagb-advanced-heading uagb-block-65713481\"><h2 class=\"uagb-heading-text\">Planeaci\u00f3n, Seguimiento y Evaluaci\u00f3n<\/h2><\/div>\n\n\n\n<p><\/p>\n\n\n\n<div class=\"wp-block-uagb-container uagb-block-75a988e4 default uagb-is-root-container\">\n<p class=\"has-text-align-left has-small-font-size\">El proceso de planeaci\u00f3n se despliega en las fases de formulaci\u00f3n, instrumentaci\u00f3n, seguimiento y evaluaci\u00f3n, e incluye todas las acciones enunciadas respecto del Plan Municipal de Desarrollo y los diversos programas derivados del mismo. Por lo que en esta secci\u00f3n podr\u00e1s encontrar de manera clara y ordenada los documentos emitidos para el cumplimiento de estas etapas.<\/p>\n\n\n<div class=\"lightweight-accordion bordered has-text-color has-background\"><details><summary class=\"lightweight-accordion-title\" style=\"color:#000000;background:#fcb900;\"><span>Matriz De Indicadores Para Resultados (MIR)<\/span><\/summary><div class=\"lightweight-accordion-body\" style=\"border-color:#fcb900;\">\n\n<p class=\"has-text-align-left has-small-font-size\">En esta secci\u00f3n podr\u00e1s encontrar las Matrices de Indicadores para Resultados, base fundamental para el establecimiento de Programas Presupuestarios y Actividades Institucionales.<\/p>\n\n\n\n<div class=\"wp-block-uagb-container uagb-block-fadcead9\">\n<section class=\"wp-block-uagb-columns uagb-columns__wrap uagb-columns__background-none uagb-columns__stack-mobile uagb-columns__valign- uagb-columns__gap-10 align uagb-block-14e735a6 uagb-columns__columns-2 uagb-columns__max_width-theme\"><div class=\"uagb-columns__overlay\"><\/div><div class=\"uagb-columns__inner-wrap uagb-columns__columns-2\">\n<div class=\"wp-block-uagb-column uagb-column__wrap uagb-column__background-undefined uagb-block-8bf6ae48\"><div class=\"uagb-column__overlay\"><\/div>\n<div class=\"wp-block-uagb-container uagb-block-07cdd672\">\n<div class=\"wp-block-uagb-advanced-heading uagb-block-8443a3a1\"><h6 class=\"uagb-heading-text\"><strong>DOCUMENTOS<\/strong><\/h6><\/div>\n<\/div>\n\n\n\n<div class=\"wp-block-uagb-container uagb-block-c86b7ca8\">\n<p class=\"has-text-align-left\">MIR<\/p>\n<\/div>\n<\/div>\n\n\n\n<div class=\"wp-block-uagb-column uagb-column__wrap uagb-column__background-undefined uagb-block-84e20173\"><div class=\"uagb-column__overlay\"><\/div>\n<div class=\"wp-block-uagb-container uagb-block-23947d09\">\n<div class=\"wp-block-uagb-advanced-heading uagb-block-e8341335\"><h6 class=\"uagb-heading-text\"><strong>PDF<\/strong><\/h6><\/div>\n<\/div>\n\n\n\n<div class=\"wp-block-uagb-container uagb-block-1c65ae09\">      \n\t\t\t<div class=\"uagb-icon-wrapper uagb-block-75c888f9      \"\n\t\t\tstyle=\"\" >\n\t\t\t\t\t\t\t\t\t<span class=\"uagb-svg-wrapper\" \n\t\t\t\t\t aria-label=\"file-pdf\"\t\t\t\t\ttabindex=\"0\">\t\t\n\t\t\t\t\t\t\t\t\t\t<svg xmlns=\"https:\/\/www.w3.org\/2000\/svg\" viewBox= \"0 0 384 512\" role=\"graphics-symbol\" aria-hidden=\"false\" aria-label=\"\"><path d=\"M88 304H80V256H88C101.3 256 112 266.7 112 280C112 293.3 101.3 304 88 304zM192 256H200C208.8 256 216 263.2 216 272V336C216 344.8 208.8 352 200 352H192V256zM224 0V128C224 145.7 238.3 160 256 160H384V448C384 483.3 355.3 512 320 512H64C28.65 512 0 483.3 0 448V64C0 28.65 28.65 0 64 0H224zM64 224C55.16 224 48 231.2 48 240V368C48 376.8 55.16 384 64 384C72.84 384 80 376.8 80 368V336H88C118.9 336 144 310.9 144 280C144 249.1 118.9 224 88 224H64zM160 368C160 376.8 167.2 384 176 384H200C226.5 384 248 362.5 248 336V272C248 245.5 226.5 224 200 224H176C167.2 224 160 231.2 160 240V368zM288 224C279.2 224 272 231.2 272 240V368C272 376.8 279.2 384 288 384C296.8 384 304 376.8 304 368V320H336C344.8 320 352 312.8 352 304C352 295.2 344.8 288 336 288H304V256H336C344.8 256 352 248.8 352 240C352 231.2 344.8 224 336 224H288zM256 0L384 128H256V0z\"><\/path><\/svg>\n\t\t\t\t\t\t\t\t\t<\/span>\n\t\t\t\t\t\t\t<\/div>\n\t\t\t<\/div>\n<\/div>\n<\/div><\/section>\n<\/div>\n\n<\/div><\/details><\/div><\/div>\n\n\n\n<div class=\"wp-block-uagb-container uagb-block-73a224e8 default uagb-is-root-container\"><div class=\"lightweight-accordion bordered has-text-color has-background\"><details><summary class=\"lightweight-accordion-title\" style=\"color:#000000;background:#fcb900;\"><span>Programas Presupuestarios Y Actividades Institucionales<\/span><\/summary><div class=\"lightweight-accordion-body\" style=\"border-color:#fcb900;\">\n\n<p class=\"has-text-align-left has-small-font-size\">Aqu\u00ed podr\u00e1s encontrar la informaci\u00f3n con respecto a la asignaci\u00f3n de recursos y las actividades institucionales de cada Unidad Administrativa del H. Ayuntamiento de Hidalgotitl\u00e1n, Ver.<\/p>\n\n\n\n<section class=\"wp-block-uagb-columns uagb-columns__wrap uagb-columns__background-none uagb-columns__stack-mobile uagb-columns__valign-top uagb-columns__gap-10 align uagb-block-f82a82c8 uagb-columns__columns-2 uagb-columns__max_width-theme\"><div class=\"uagb-columns__overlay\"><\/div><div class=\"uagb-columns__inner-wrap uagb-columns__columns-2\">\n<div class=\"wp-block-uagb-column uagb-column__wrap uagb-column__background-undefined uagb-block-ac49b290\"><div class=\"uagb-column__overlay\"><\/div>\n<div class=\"wp-block-uagb-container uagb-block-a92b6c74\">\n<div class=\"wp-block-uagb-advanced-heading uagb-block-ef1db479\"><h6 class=\"uagb-heading-text\"><strong>DOCUMENTOS<\/strong><\/h6><\/div>\n<\/div>\n\n\n\n<div class=\"wp-block-uagb-container uagb-block-1a39b372\">\n<p class=\"has-text-align-left\">Programas Presupuestarios Y Actividades Institucionales<\/p>\n<\/div>\n<\/div>\n\n\n\n<div class=\"wp-block-uagb-column uagb-column__wrap uagb-column__background-undefined uagb-block-d959b1d0\"><div class=\"uagb-column__overlay\"><\/div>\n<div class=\"wp-block-uagb-container uagb-block-8e8ec038\">\n<div class=\"wp-block-uagb-advanced-heading uagb-block-f5ab696f\"><h6 class=\"uagb-heading-text\"><strong>PDF<\/strong><\/h6><\/div>\n<\/div>\n\n\n\n<div class=\"wp-block-uagb-container uagb-block-3acebfc2\">      \n\t\t\t<div class=\"uagb-icon-wrapper uagb-block-c4ddce60      \"\n\t\t\tstyle=\"\" >\n\t\t\t\t\t\t\t\t\t<span class=\"uagb-svg-wrapper\" \n\t\t\t\t\t aria-label=\"file-pdf\"\t\t\t\t\ttabindex=\"0\">\t\t\n\t\t\t\t\t\t\t\t\t\t<svg xmlns=\"https:\/\/www.w3.org\/2000\/svg\" viewBox= \"0 0 384 512\" role=\"graphics-symbol\" aria-hidden=\"false\" aria-label=\"\"><path d=\"M88 304H80V256H88C101.3 256 112 266.7 112 280C112 293.3 101.3 304 88 304zM192 256H200C208.8 256 216 263.2 216 272V336C216 344.8 208.8 352 200 352H192V256zM224 0V128C224 145.7 238.3 160 256 160H384V448C384 483.3 355.3 512 320 512H64C28.65 512 0 483.3 0 448V64C0 28.65 28.65 0 64 0H224zM64 224C55.16 224 48 231.2 48 240V368C48 376.8 55.16 384 64 384C72.84 384 80 376.8 80 368V336H88C118.9 336 144 310.9 144 280C144 249.1 118.9 224 88 224H64zM160 368C160 376.8 167.2 384 176 384H200C226.5 384 248 362.5 248 336V272C248 245.5 226.5 224 200 224H176C167.2 224 160 231.2 160 240V368zM288 224C279.2 224 272 231.2 272 240V368C272 376.8 279.2 384 288 384C296.8 384 304 376.8 304 368V320H336C344.8 320 352 312.8 352 304C352 295.2 344.8 288 336 288H304V256H336C344.8 256 352 248.8 352 240C352 231.2 344.8 224 336 224H288zM256 0L384 128H256V0z\"><\/path><\/svg>\n\t\t\t\t\t\t\t\t\t<\/span>\n\t\t\t\t\t\t\t<\/div>\n\t\t\t<\/div>\n<\/div>\n<\/div><\/section>\n\n<\/div><\/details><\/div><\/div>\n\n\n\n<div class=\"wp-block-uagb-container uagb-block-795cbd98 default uagb-is-root-container\"><div class=\"lightweight-accordion bordered has-text-color has-background\"><details><summary class=\"lightweight-accordion-title\" style=\"color:#000000;background:#fcb900;\"><span>Matriz De Indicadores Para Resultados (MIR)<\/span><\/summary><div class=\"lightweight-accordion-body\" style=\"border-color:#fcb900;\">\n\n<p class=\"has-text-align-left has-small-font-size\">El Programa Anual de Evaluaciones (PAE) 2023, es un componente fundamental de la planeaci\u00f3n para el funcionamiento del Sistema de Evaluaci\u00f3n del Desempe\u00f1o (SED) en este documento se plasman los momentos en que se dar\u00e1 cumplimiento a las evaluaciones de los programas presupuestarios por lo que en esta secci\u00f3n encontraras el seguimiento.<\/p>\n\n\n\n<div class=\"wp-block-uagb-container uagb-block-6e45ae11\">\n<section class=\"wp-block-uagb-columns uagb-columns__wrap uagb-columns__background-none uagb-columns__stack-mobile uagb-columns__valign- uagb-columns__gap-10 align uagb-block-24821bc7 uagb-columns__columns-2 uagb-columns__max_width-theme\"><div class=\"uagb-columns__overlay\"><\/div><div class=\"uagb-columns__inner-wrap uagb-columns__columns-2\">\n<div class=\"wp-block-uagb-column uagb-column__wrap uagb-column__background-undefined uagb-block-20c84f0d\"><div class=\"uagb-column__overlay\"><\/div>\n<div class=\"wp-block-uagb-container uagb-block-d84b96b2\">\n<div class=\"wp-block-uagb-advanced-heading uagb-block-53111110\"><h6 class=\"uagb-heading-text\"><strong>DOCUMENTOS<\/strong><\/h6><\/div>\n<\/div>\n\n\n\n<div class=\"wp-block-uagb-container uagb-block-ea3775bf\">\n<p class=\"has-text-align-left\">Primer Informe<\/p>\n<\/div>\n<\/div>\n\n\n\n<div class=\"wp-block-uagb-column uagb-column__wrap uagb-column__background-undefined uagb-block-6b88de8a\"><div class=\"uagb-column__overlay\"><\/div>\n<div class=\"wp-block-uagb-container uagb-block-f038668b\">\n<div class=\"wp-block-uagb-advanced-heading uagb-block-c64f1aa4\"><h6 class=\"uagb-heading-text\"><strong>PDF<\/strong><\/h6><\/div>\n<\/div>\n\n\n\n<div class=\"wp-block-uagb-container uagb-block-7ccf69e7\">      \n\t\t\t<div class=\"uagb-icon-wrapper uagb-block-6936e8ca      \"\n\t\t\tstyle=\"\" >\n\t\t\t\t\t\t\t\t\t<span class=\"uagb-svg-wrapper\" \n\t\t\t\t\t aria-label=\"file-pdf\"\t\t\t\t\ttabindex=\"0\">\t\t\n\t\t\t\t\t\t\t\t\t\t<svg xmlns=\"https:\/\/www.w3.org\/2000\/svg\" viewBox= \"0 0 384 512\" role=\"graphics-symbol\" aria-hidden=\"false\" aria-label=\"\"><path d=\"M88 304H80V256H88C101.3 256 112 266.7 112 280C112 293.3 101.3 304 88 304zM192 256H200C208.8 256 216 263.2 216 272V336C216 344.8 208.8 352 200 352H192V256zM224 0V128C224 145.7 238.3 160 256 160H384V448C384 483.3 355.3 512 320 512H64C28.65 512 0 483.3 0 448V64C0 28.65 28.65 0 64 0H224zM64 224C55.16 224 48 231.2 48 240V368C48 376.8 55.16 384 64 384C72.84 384 80 376.8 80 368V336H88C118.9 336 144 310.9 144 280C144 249.1 118.9 224 88 224H64zM160 368C160 376.8 167.2 384 176 384H200C226.5 384 248 362.5 248 336V272C248 245.5 226.5 224 200 224H176C167.2 224 160 231.2 160 240V368zM288 224C279.2 224 272 231.2 272 240V368C272 376.8 279.2 384 288 384C296.8 384 304 376.8 304 368V320H336C344.8 320 352 312.8 352 304C352 295.2 344.8 288 336 288H304V256H336C344.8 256 352 248.8 352 240C352 231.2 344.8 224 336 224H288zM256 0L384 128H256V0z\"><\/path><\/svg>\n\t\t\t\t\t\t\t\t\t<\/span>\n\t\t\t\t\t\t\t<\/div>\n\t\t\t<\/div>\n<\/div>\n<\/div><\/section>\n<\/div>\n\n<\/div><\/details><\/div><\/div>\n\n\n\n<div class=\"wp-block-uagb-container uagb-block-b7a167a5 default uagb-is-root-container\"><div class=\"lightweight-accordion bordered has-text-color has-background\"><details><summary class=\"lightweight-accordion-title\" style=\"color:#000000;background:#fcb900;\"><span>Evaluaci\u00f3n<\/span><\/summary><div class=\"lightweight-accordion-body\" style=\"border-color:#fcb900;\">\n\n<p class=\"has-text-align-left has-small-font-size\">Dentro de la secci\u00f3n de Evaluaci\u00f3n podr\u00e1s visualizar el avance en el cumplimiento de las actividades institucionales y los indicadores, adem\u00e1s de mostrar el avance presupuestal al cierre de cada trimestre, con respecto al ejercicio fiscal 2023..<\/p>\n\n\n\n<section class=\"wp-block-uagb-columns uagb-columns__wrap uagb-columns__background-none uagb-columns__stack-mobile uagb-columns__valign- uagb-columns__gap-10 align uagb-block-7ca57ca7 uagb-columns__columns-2 uagb-columns__max_width-theme\"><div class=\"uagb-columns__overlay\"><\/div><div class=\"uagb-columns__inner-wrap uagb-columns__columns-2\">\n<div class=\"wp-block-uagb-column uagb-column__wrap uagb-column__background-undefined uagb-block-a32ca8f1\"><div class=\"uagb-column__overlay\"><\/div>\n<div class=\"wp-block-uagb-container uagb-block-26be94b3\">\n<div class=\"wp-block-uagb-advanced-heading uagb-block-27bf406a\"><h6 class=\"uagb-heading-text\"><strong>DOCUMENTOS<\/strong><\/h6><\/div>\n<\/div>\n\n\n\n<div class=\"wp-block-uagb-container uagb-block-4c736a92\">\n<p class=\"has-text-align-left\">Primera Evaluaci\u00f3n<\/p>\n<\/div>\n<\/div>\n\n\n\n<div class=\"wp-block-uagb-column uagb-column__wrap uagb-column__background-undefined uagb-block-049cc00f\"><div class=\"uagb-column__overlay\"><\/div>\n<div class=\"wp-block-uagb-container uagb-block-532e0a9d\">\n<div class=\"wp-block-uagb-advanced-heading uagb-block-be19edfe\"><h6 class=\"uagb-heading-text\"><strong>PDF<\/strong><\/h6><\/div>\n<\/div>\n\n\n\n<div class=\"wp-block-uagb-container uagb-block-b8010934\">      \n\t\t\t<div class=\"uagb-icon-wrapper uagb-block-d7fdb478      \"\n\t\t\tstyle=\"\" >\n\t\t\t\t\t\t\t\t\t<span class=\"uagb-svg-wrapper\" \n\t\t\t\t\t aria-label=\"file-pdf\"\t\t\t\t\ttabindex=\"0\">\t\t\n\t\t\t\t\t\t\t\t\t\t<svg xmlns=\"https:\/\/www.w3.org\/2000\/svg\" viewBox= \"0 0 384 512\" role=\"graphics-symbol\" aria-hidden=\"false\" aria-label=\"\"><path d=\"M88 304H80V256H88C101.3 256 112 266.7 112 280C112 293.3 101.3 304 88 304zM192 256H200C208.8 256 216 263.2 216 272V336C216 344.8 208.8 352 200 352H192V256zM224 0V128C224 145.7 238.3 160 256 160H384V448C384 483.3 355.3 512 320 512H64C28.65 512 0 483.3 0 448V64C0 28.65 28.65 0 64 0H224zM64 224C55.16 224 48 231.2 48 240V368C48 376.8 55.16 384 64 384C72.84 384 80 376.8 80 368V336H88C118.9 336 144 310.9 144 280C144 249.1 118.9 224 88 224H64zM160 368C160 376.8 167.2 384 176 384H200C226.5 384 248 362.5 248 336V272C248 245.5 226.5 224 200 224H176C167.2 224 160 231.2 160 240V368zM288 224C279.2 224 272 231.2 272 240V368C272 376.8 279.2 384 288 384C296.8 384 304 376.8 304 368V320H336C344.8 320 352 312.8 352 304C352 295.2 344.8 288 336 288H304V256H336C344.8 256 352 248.8 352 240C352 231.2 344.8 224 336 224H288zM256 0L384 128H256V0z\"><\/path><\/svg>\n\t\t\t\t\t\t\t\t\t<\/span>\n\t\t\t\t\t\t\t<\/div>\n\t\t\t<\/div>\n<\/div>\n<\/div><\/section>\n\n<\/div><\/details><\/div><\/div>\n\n\n\n<p><\/p>\n","protected":false},"excerpt":{"rendered":"<p>Planeaci\u00f3n, Seguimiento y Evaluaci\u00f3n El proceso de planeaci\u00f3n se despliega en las fases de formulaci\u00f3n, instrumentaci\u00f3n, seguimiento y evaluaci\u00f3n, e incluye todas las acciones enunciadas respecto del Plan Municipal de Desarrollo y los diversos programas derivados del mismo. Por lo que en esta secci\u00f3n podr\u00e1s encontrar de manera clara y ordenada los documentos emitidos para &hellip;<\/p>\n<p class=\"read-more\"> <a class=\"\" href=\"https:\/\/hidalgotitlan.gob.mx\/index.php\/planeacion-seguimiento-y-evaluacion\/\"> <span class=\"screen-reader-text\">Planeaci\u00f3n, Seguimiento y Evaluaci\u00f3n<\/span> Leer m\u00e1s &raquo;<\/a><\/p>\n","protected":false},"author":1,"featured_media":0,"parent":0,"menu_order":0,"comment_status":"closed","ping_status":"closed","template":"","meta":{"_uag_custom_page_level_css":"","site-sidebar-layout":"default","site-content-layout":"default","ast-global-header-display":"","ast-banner-title-visibility":"","ast-main-header-display":"","ast-hfb-above-header-display":"","ast-hfb-below-header-display":"","ast-hfb-mobile-header-display":"","site-post-title":"disabled","ast-breadcrumbs-content":"","ast-featured-img":"","footer-sml-layout":"","theme-transparent-header-meta":"","adv-header-id-meta":"","stick-header-meta":"","header-above-stick-meta":"","header-main-stick-meta":"","header-below-stick-meta":"","footnotes":""},"class_list":["post-1956","page","type-page","status-publish","hentry"],"uagb_featured_image_src":{"full":false,"thumbnail":false,"medium":false,"medium_large":false,"large":false,"1536x1536":false,"2048x2048":false},"uagb_author_info":{"display_name":"admin","author_link":"https:\/\/hidalgotitlan.gob.mx\/index.php\/author\/admin\/"},"uagb_comment_info":0,"uagb_excerpt":"Planeaci\u00f3n, Seguimiento y Evaluaci\u00f3n El proceso de planeaci\u00f3n se despliega en las fases de formulaci\u00f3n, instrumentaci\u00f3n, seguimiento y evaluaci\u00f3n, e incluye todas las acciones enunciadas respecto del Plan Municipal de Desarrollo y los diversos programas derivados del mismo. Por lo que en esta secci\u00f3n podr\u00e1s encontrar de manera clara y ordenada los documentos emitidos para&hellip;","_links":{"self":[{"href":"https:\/\/hidalgotitlan.gob.mx\/index.php\/wp-json\/wp\/v2\/pages\/1956","targetHints":{"allow":["GET"]}}],"collection":[{"href":"https:\/\/hidalgotitlan.gob.mx\/index.php\/wp-json\/wp\/v2\/pages"}],"about":[{"href":"https:\/\/hidalgotitlan.gob.mx\/index.php\/wp-json\/wp\/v2\/types\/page"}],"author":[{"embeddable":true,"href":"https:\/\/hidalgotitlan.gob.mx\/index.php\/wp-json\/wp\/v2\/users\/1"}],"replies":[{"embeddable":true,"href":"https:\/\/hidalgotitlan.gob.mx\/index.php\/wp-json\/wp\/v2\/comments?post=1956"}],"version-history":[{"count":28,"href":"https:\/\/hidalgotitlan.gob.mx\/index.php\/wp-json\/wp\/v2\/pages\/1956\/revisions"}],"predecessor-version":[{"id":2010,"href":"https:\/\/hidalgotitlan.gob.mx\/index.php\/wp-json\/wp\/v2\/pages\/1956\/revisions\/2010"}],"wp:attachment":[{"href":"https:\/\/hidalgotitlan.gob.mx\/index.php\/wp-json\/wp\/v2\/media?parent=1956"}],"curies":[{"name":"wp","href":"https:\/\/api.w.org\/{rel}","templated":true}]}}